{"id":62,"date":"2025-11-25T11:17:45","date_gmt":"2025-11-25T11:17:45","guid":{"rendered":"http:\/\/www.llardinfantsloreneta.cat\/?page_id=62"},"modified":"2026-04-15T14:14:33","modified_gmt":"2026-04-15T14:14:33","slug":"com-ho-fem","status":"publish","type":"page","link":"http:\/\/www.llardinfantsloreneta.cat\/index.php\/com-ho-fem\/","title":{"rendered":"COM HO FEM?"},"content":{"rendered":"\n<p class=\"has-text-color has-link-color wp-elements-4e4ad8932f8139643836dea1e7a8b237\" style=\"color:#5c1a7d\">Posem al centre de tot als infants i el desenvolupament de les seves capacitats. Els infants son els protagonistes del seu aprenentatge . Per aix\u00f2 creem ambients segurs i espais agradables , al voltant de la confian\u00e7a , el respecte , el vincle , el reconeix\u00e8ment d\u2019un mateix i de l\u2019altre.<br>El joc i l\u2019aprenentatge es donen la m\u00e0 , l\u2019infant apr\u00e8n jugant. El joc \u00e9s el protagonista principal de la vida quotidiana a la llar, un joc que genera gaudi i apendre des del plaer i la llibertat d\u2019acci\u00f3 amb un acompanyament proper i respectu\u00f3s.<\/p>\n\n\n\n<p class=\"has-text-color has-link-color wp-elements-5cb90f4e6494c31cb1f617ff33d44a04\" style=\"color:#5c1a7d\">La metodologia es basa en construir diferents situacions d\u2019aprenentatge , partint de la curiositat de l\u2019alumne ,en les quals aprenguin fent, jugant , experimentant , pensant i comunicant. Situacions d\u2019aprenentatge basades en experi\u00eancies amb sentit , significatives&nbsp; pels infants i contextualitzades.<\/p>\n\n\n\n<p class=\"has-text-color has-link-color wp-elements-47ee507253f65576c8a3342b745ac27d\" style=\"color:#5c1a7d\">Cada dia ens organitzem per atendre totes i cada una de les necessitats b\u00e0siques dels nostres nens i nenes. Els ajudem a apendre a ser aut\u00f2noms a trav\u00e9s de les petites accions quotidianes que es desenvolupen en el dia a dia.<\/p>\n","protected":false},"excerpt":{"rendered":"<p>Posem al centre de tot als infants i el desenvolupament de les seves capacitats. Els infants son els protagonistes del seu aprenentatge . Per aix\u00f2 creem ambients segurs i espais agradables , al voltant de la confian\u00e7a , el respecte &hellip; <a href=\"http:\/\/www.llardinfantsloreneta.cat\/index.php\/com-ho-fem\/\">Sigue leyendo <span class=\"meta-nav\">&rarr;<\/span><\/a><\/p>\n","protected":false},"author":1,"featured_media":159,"parent":0,"menu_order":0,"comment_status":"closed","ping_status":"closed","template":"","meta":{"footnotes":""},"class_list":["post-62","page","type-page","status-publish","has-post-thumbnail","hentry"],"_links":{"self":[{"href":"http:\/\/www.llardinfantsloreneta.cat\/index.php\/wp-json\/wp\/v2\/pages\/62","targetHints":{"allow":["GET"]}}],"collection":[{"href":"http:\/\/www.llardinfantsloreneta.cat\/index.php\/wp-json\/wp\/v2\/pages"}],"about":[{"href":"http:\/\/www.llardinfantsloreneta.cat\/index.php\/wp-json\/wp\/v2\/types\/page"}],"author":[{"embeddable":true,"href":"http:\/\/www.llardinfantsloreneta.cat\/index.php\/wp-json\/wp\/v2\/users\/1"}],"replies":[{"embeddable":true,"href":"http:\/\/www.llardinfantsloreneta.cat\/index.php\/wp-json\/wp\/v2\/comments?post=62"}],"version-history":[{"count":2,"href":"http:\/\/www.llardinfantsloreneta.cat\/index.php\/wp-json\/wp\/v2\/pages\/62\/revisions"}],"predecessor-version":[{"id":214,"href":"http:\/\/www.llardinfantsloreneta.cat\/index.php\/wp-json\/wp\/v2\/pages\/62\/revisions\/214"}],"wp:featuredmedia":[{"embeddable":true,"href":"http:\/\/www.llardinfantsloreneta.cat\/index.php\/wp-json\/wp\/v2\/media\/159"}],"wp:attachment":[{"href":"http:\/\/www.llardinfantsloreneta.cat\/index.php\/wp-json\/wp\/v2\/media?parent=62"}],"curies":[{"name":"wp","href":"https:\/\/api.w.org\/{rel}","templated":true}]}}